{"id":5,"date":"2023-04-15T12:40:49","date_gmt":"2023-04-15T10:40:49","guid":{"rendered":"http:\/\/davidlaperche.com\/?page_id=5"},"modified":"2025-12-15T20:23:25","modified_gmt":"2025-12-15T19:23:25","slug":"david-laperche-architecture","status":"publish","type":"page","link":"https:\/\/davidlaperche.com\/","title":{"rendered":"DAVID LAPERCHE ARCHITECTURE"},"content":{"rendered":"\t\t<div id=\"pootle-page-builder\">\n\t\t\t<!----------Pootle Page Builder Inline Styles---------->\n\t\t\t<style id=\"pootle-live-editor-styles\" type=\"text\/css\" media=\"all\">\n\t\t\t\t#pgc-5-0-0 , #pgc-5-0-1 { width:49.5% } .panel-grid-cell .panel { margin-bottom: 0px } @media ( max-width:780px ) { #pootle-page-builder .panel-grid-cell-container .panel-grid-cell { width:100%;flex: 1 0; } #pootle-page-builder .panel-grid-cell-container { flex-direction: column; } .panel-grid-cell:not(:last-child) { margin-bottom: 0px } .ppb-no-mobile-spacing { padding: 0 !important; margin: 0 !important; } .hide-on-mobile { display: none } br.rwd { display: block } .ppb-mobile-behaviour-2.ppb-block { margin-left:auto!important;margin-right:auto!important;margin-top:auto!important;margin-bottom:auto!important } .panel-grid { margin-left: 0 !important; margin-right: 0 !important; } .panel-grid-cell { padding: 0 !important; max-width: 100% !important; }  } \t\t\t<\/style>\n\t\t\t<div class=\"panel-grid ppb-row\" id=\"pg-5-0\" style=\"margin-bottom: 0;\" ><div class=\"ppb-row panel-row-style panel-row-style- \" style=\"\" ><style>#pg-5-0 .panel-grid-cell { padding: 0 0.5% 0; }<\/style><div class='panel-grid-cell-container'><div class=\"ppb-col panel-grid-cell \" id=\"pgc-5-0-0\" ><\/div><div class=\"ppb-col panel-grid-cell \" id=\"pgc-5-0-1\" ><\/div><\/div><!--.panel-grid-cell-container--><\/div><!--.panel-row-style--><\/div><!--.panel-grid--><div class=\"panel-grid ppb-row\" id=\"pg-5-1\" style=\"margin-bottom: 0;\" ><div class=\"ppb-row panel-row-style panel-row-style- \" style=\"\" ><style>#pg-5-1 .panel-grid-cell { padding: 0 0.5% 0; }<\/style><div class='panel-grid-cell-container'><div class=\"ppb-col panel-grid-cell \" id=\"pgc-5-1-0\" ><\/div><\/div><!--.panel-grid-cell-container--><\/div><!--.panel-row-style--><\/div><!--.panel-grid--><div class=\"panel-grid ppb-row\" id=\"pg-5-2\" style=\"margin-bottom: 0;\" ><div class=\"ppb-row panel-row-style panel-row-style-  video-bg ppb-stretch-full-width ppb-stretch-full-width-2 ppb-full-width-no-bg\" style=\"min-height:100vh;\" ><style>#pg-5-2 .panel-grid-cell { padding: 0 0.5% 0; }<\/style>\t\t\t<div class=\"ppb-bg-video-container\">\n\t\t\t\t<video class=\"ppb-bg-video\" preload=\"auto\" autoplay=\"true\" loop=\"loop\" muted=\"muted\"\n\t\t\t\t       volume=\"0\">\n\t\t\t\t\t<source src='https:\/\/davidlaperche.com\/wp-content\/uploads\/2025\/12\/Sequence-13.mp4' type='video\/mp4'><source src='https:\/\/davidlaperche.com\/wp-content\/uploads\/2025\/12\/Sequence-13.mp4' type='video\/webm'>\t\t\t\t\tSorry, your browser does not support HTML5 video.\n\t\t\t\t<\/video>\n\t\t\t<\/div>\n\t\t<div class='panel-grid-cell-container'><div class=\"ppb-col panel-grid-cell \" id=\"pgc-5-2-0\" ><div id=\"panel-5-2-0-0\" class=\"ppb-block ppb-no-mobile-spacing\" style=\"\" ><p style=\"text-align: center;\" data-mce-style=\"text-align: center;\"><span style=\"font-size: 50px; color: #ffffff;\" data-mce-style=\"font-size: 50px; color: #ffffff;\"><strong>david<span style=\"font-size: 10px;\" data-mce-style=\"font-size: 10px;\"> <\/span>laperche<span style=\"font-size: 10px;\" data-mce-style=\"font-size: 10px;\"> <\/span><\/strong>architecture<br><\/span><span style=\"font-size: 20px;\" data-mce-style=\"font-size: 20px;\"><span style=\"color: #ffffff;\" data-mce-style=\"color: #ffffff;\">06 21 01 32 98<br><\/span><\/span><span style=\"font-size: 20px;\" data-mce-style=\"font-size: 20px;\"><a href=\"mailto:dlaperche@hotmail.com\" data-mce-href=\"mailto:dlaperche@hotmail.com\"><span style=\"color: #ffffff;\" data-mce-style=\"color: #ffffff;\">dlaperche@hotmail.com<\/span><\/a><\/span>\n<\/p><\/div><\/div><\/div><!--.panel-grid-cell-container--><\/div><!--.panel-row-style--><\/div><!--.panel-grid-->\t\t<\/div>\n\t\t","protected":false},"excerpt":{"rendered":"<p>Sorry, your browser does not support HTML5 video. david laperche architecture06 21 01 32 98dlaperche@hotmail.com<\/p>\n","protected":false},"author":1,"featured_media":0,"parent":0,"menu_order":0,"comment_status":"closed","ping_status":"closed","template":"blank","meta":{"footnotes":""},"class_list":["post-5","page","type-page","status-publish","hentry"],"yoast_head":"<!-- This site is optimized with the Yoast SEO plugin v20.5 - https:\/\/yoast.com\/wordpress\/plugins\/seo\/ -->\n<title>DAVID LAPERCHE ARCHITECTURE - david laperche architecture<\/title>\n<meta name=\"description\" content=\"david laperche architecture architecte construction r\u00e9novation \u00e9nerg\u00e9tique\" \/>\n<meta name=\"robots\" content=\"index, follow, max-snippet:-1, max-image-preview:large, max-video-preview:-1\" \/>\n<link rel=\"canonical\" href=\"https:\/\/davidlaperche.com\/\" \/>\n<meta property=\"og:locale\" content=\"fr_FR\" \/>\n<meta property=\"og:type\" content=\"article\" \/>\n<meta property=\"og:title\" content=\"DAVID LAPERCHE ARCHITECTURE - david laperche architecture\" \/>\n<meta property=\"og:description\" content=\"david laperche architecture architecte construction r\u00e9novation \u00e9nerg\u00e9tique\" \/>\n<meta property=\"og:url\" content=\"https:\/\/davidlaperche.com\/\" \/>\n<meta property=\"og:site_name\" content=\"david laperche architecture\" \/>\n<meta property=\"article:modified_time\" content=\"2025-12-15T19:23:25+00:00\" \/>\n<meta name=\"twitter:card\" content=\"summary_large_image\" \/>\n<meta name=\"twitter:label1\" content=\"Dur\u00e9e de lecture estim\u00e9e\" \/>\n\t<meta name=\"twitter:data1\" content=\"1 minute\" \/>\n<script type=\"application\/ld+json\" class=\"yoast-schema-graph\">{\"@context\":\"https:\/\/schema.org\",\"@graph\":[{\"@type\":\"WebPage\",\"@id\":\"https:\/\/davidlaperche.com\/\",\"url\":\"https:\/\/davidlaperche.com\/\",\"name\":\"DAVID LAPERCHE ARCHITECTURE - david laperche architecture\",\"isPartOf\":{\"@id\":\"https:\/\/davidlaperche.com\/#website\"},\"datePublished\":\"2023-04-15T10:40:49+00:00\",\"dateModified\":\"2025-12-15T19:23:25+00:00\",\"description\":\"david laperche architecture architecte construction r\u00e9novation \u00e9nerg\u00e9tique\",\"breadcrumb\":{\"@id\":\"https:\/\/davidlaperche.com\/#breadcrumb\"},\"inLanguage\":\"fr-FR\",\"potentialAction\":[{\"@type\":\"ReadAction\",\"target\":[\"https:\/\/davidlaperche.com\/\"]}]},{\"@type\":\"BreadcrumbList\",\"@id\":\"https:\/\/davidlaperche.com\/#breadcrumb\",\"itemListElement\":[{\"@type\":\"ListItem\",\"position\":1,\"name\":\"Accueil\",\"item\":\"https:\/\/davidlaperche.com\/\"},{\"@type\":\"ListItem\",\"position\":2,\"name\":\"DAVID LAPERCHE ARCHITECTURE\"}]},{\"@type\":\"WebSite\",\"@id\":\"https:\/\/davidlaperche.com\/#website\",\"url\":\"https:\/\/davidlaperche.com\/\",\"name\":\"david laperche architecture\",\"description\":\"architecte, architecture, b\u00e2timent, r\u00e9novation \u00e9nerg\u00e9tique\",\"publisher\":{\"@id\":\"https:\/\/davidlaperche.com\/#organization\"},\"potentialAction\":[{\"@type\":\"SearchAction\",\"target\":{\"@type\":\"EntryPoint\",\"urlTemplate\":\"https:\/\/davidlaperche.com\/?s={search_term_string}\"},\"query-input\":\"required name=search_term_string\"}],\"inLanguage\":\"fr-FR\"},{\"@type\":\"Organization\",\"@id\":\"https:\/\/davidlaperche.com\/#organization\",\"name\":\"DAVID LAPERCHE ARCHITECTURE\",\"url\":\"https:\/\/davidlaperche.com\/\",\"logo\":{\"@type\":\"ImageObject\",\"inLanguage\":\"fr-FR\",\"@id\":\"https:\/\/davidlaperche.com\/#\/schema\/logo\/image\/\",\"url\":\"https:\/\/davidlaperche.com\/wp-content\/uploads\/2023\/05\/cropped-logo.png\",\"contentUrl\":\"https:\/\/davidlaperche.com\/wp-content\/uploads\/2023\/05\/cropped-logo.png\",\"width\":512,\"height\":512,\"caption\":\"DAVID LAPERCHE ARCHITECTURE\"},\"image\":{\"@id\":\"https:\/\/davidlaperche.com\/#\/schema\/logo\/image\/\"}}]}<\/script>\n<!-- \/ Yoast SEO plugin. -->","yoast_head_json":{"title":"DAVID LAPERCHE ARCHITECTURE - david laperche architecture","description":"david laperche architecture architecte construction r\u00e9novation \u00e9nerg\u00e9tique","robots":{"index":"index","follow":"follow","max-snippet":"max-snippet:-1","max-image-preview":"max-image-preview:large","max-video-preview":"max-video-preview:-1"},"canonical":"https:\/\/davidlaperche.com\/","og_locale":"fr_FR","og_type":"article","og_title":"DAVID LAPERCHE ARCHITECTURE - david laperche architecture","og_description":"david laperche architecture architecte construction r\u00e9novation \u00e9nerg\u00e9tique","og_url":"https:\/\/davidlaperche.com\/","og_site_name":"david laperche architecture","article_modified_time":"2025-12-15T19:23:25+00:00","twitter_card":"summary_large_image","twitter_misc":{"Dur\u00e9e de lecture estim\u00e9e":"1 minute"},"schema":{"@context":"https:\/\/schema.org","@graph":[{"@type":"WebPage","@id":"https:\/\/davidlaperche.com\/","url":"https:\/\/davidlaperche.com\/","name":"DAVID LAPERCHE ARCHITECTURE - david laperche architecture","isPartOf":{"@id":"https:\/\/davidlaperche.com\/#website"},"datePublished":"2023-04-15T10:40:49+00:00","dateModified":"2025-12-15T19:23:25+00:00","description":"david laperche architecture architecte construction r\u00e9novation \u00e9nerg\u00e9tique","breadcrumb":{"@id":"https:\/\/davidlaperche.com\/#breadcrumb"},"inLanguage":"fr-FR","potentialAction":[{"@type":"ReadAction","target":["https:\/\/davidlaperche.com\/"]}]},{"@type":"BreadcrumbList","@id":"https:\/\/davidlaperche.com\/#breadcrumb","itemListElement":[{"@type":"ListItem","position":1,"name":"Accueil","item":"https:\/\/davidlaperche.com\/"},{"@type":"ListItem","position":2,"name":"DAVID LAPERCHE ARCHITECTURE"}]},{"@type":"WebSite","@id":"https:\/\/davidlaperche.com\/#website","url":"https:\/\/davidlaperche.com\/","name":"david laperche architecture","description":"architecte, architecture, b\u00e2timent, r\u00e9novation \u00e9nerg\u00e9tique","publisher":{"@id":"https:\/\/davidlaperche.com\/#organization"},"potentialAction":[{"@type":"SearchAction","target":{"@type":"EntryPoint","urlTemplate":"https:\/\/davidlaperche.com\/?s={search_term_string}"},"query-input":"required name=search_term_string"}],"inLanguage":"fr-FR"},{"@type":"Organization","@id":"https:\/\/davidlaperche.com\/#organization","name":"DAVID LAPERCHE ARCHITECTURE","url":"https:\/\/davidlaperche.com\/","logo":{"@type":"ImageObject","inLanguage":"fr-FR","@id":"https:\/\/davidlaperche.com\/#\/schema\/logo\/image\/","url":"https:\/\/davidlaperche.com\/wp-content\/uploads\/2023\/05\/cropped-logo.png","contentUrl":"https:\/\/davidlaperche.com\/wp-content\/uploads\/2023\/05\/cropped-logo.png","width":512,"height":512,"caption":"DAVID LAPERCHE ARCHITECTURE"},"image":{"@id":"https:\/\/davidlaperche.com\/#\/schema\/logo\/image\/"}}]}},"_links":{"self":[{"href":"https:\/\/davidlaperche.com\/index.php\/wp-json\/wp\/v2\/pages\/5","targetHints":{"allow":["GET"]}}],"collection":[{"href":"https:\/\/davidlaperche.com\/index.php\/wp-json\/wp\/v2\/pages"}],"about":[{"href":"https:\/\/davidlaperche.com\/index.php\/wp-json\/wp\/v2\/types\/page"}],"author":[{"embeddable":true,"href":"https:\/\/davidlaperche.com\/index.php\/wp-json\/wp\/v2\/users\/1"}],"replies":[{"embeddable":true,"href":"https:\/\/davidlaperche.com\/index.php\/wp-json\/wp\/v2\/comments?post=5"}],"version-history":[{"count":17,"href":"https:\/\/davidlaperche.com\/index.php\/wp-json\/wp\/v2\/pages\/5\/revisions"}],"predecessor-version":[{"id":89,"href":"https:\/\/davidlaperche.com\/index.php\/wp-json\/wp\/v2\/pages\/5\/revisions\/89"}],"wp:attachment":[{"href":"https:\/\/davidlaperche.com\/index.php\/wp-json\/wp\/v2\/media?parent=5"}],"curies":[{"name":"wp","href":"https:\/\/api.w.org\/{rel}","templated":true}]}}